{"id":4435,"date":"2021-02-07T15:20:38","date_gmt":"2021-02-07T14:20:38","guid":{"rendered":"https:\/\/planetepain.com\/nos-produits\/multi-cereal-batard\/"},"modified":"2021-02-07T15:20:38","modified_gmt":"2021-02-07T14:20:38","slug":"multi-cereal-batard","status":"publish","type":"product","link":"https:\/\/planetepain.com\/en\/our-products\/multi-cereal-batard\/","title":{"rendered":"Multi Cereal Batard"},"content":{"rendered":"<ul>\n<li>Made in a stone bake oven<\/li>\n<li>Vegan<\/li>\n<\/ul>\n","protected":false},"excerpt":{"rendered":"<p>Part Baked dark brown but light and wholesome loaf  made using different grains and flours.  This unique product is light to eat and full of goodness including, rye, buckwheat, bran, barley, linseed, sunflower seeds, oat flakes, sesame seed and millet seed.  All designed to produce wonderful flavours and texture and then baked to perfection in our stone baked oven.<\/p>\n","protected":false},"featured_media":2368,"template":"","meta":{"_acf_changed":false,"_et_pb_use_builder":"","_et_pb_old_content":"","_et_gb_content_width":""},"product_cat":[96],"product_tag":[],"class_list":{"0":"post-4435","1":"product","2":"type-product","3":"status-publish","4":"has-post-thumbnail","6":"product_cat-batards-en","7":"pa_composition-vegan-en","8":"pa_cuisson-part-baked","9":"vignette-boulangerie","11":"first","12":"instock","13":"shipping-taxable","14":"product-type-simple"},"acf":[],"yoast_head":"<!-- This site is optimized with the Yoast SEO plugin v23.9 - https:\/\/yoast.com\/wordpress\/plugins\/seo\/ -->\n<title>Multi Cereal Batard | Plan\u00e8te pain<\/title>\n<meta name=\"robots\" content=\"index, follow, max-snippet:-1, max-image-preview:large, max-video-preview:-1\" \/>\n<link rel=\"canonical\" href=\"https:\/\/planetepain.com\/en\/our-products\/multi-cereal-batard\/\" \/>\n<meta property=\"og:locale\" content=\"en_US\" \/>\n<meta property=\"og:type\" content=\"article\" \/>\n<meta property=\"og:title\" content=\"Multi Cereal Batard | Plan\u00e8te pain\" \/>\n<meta property=\"og:description\" content=\"Part Baked dark brown but light and wholesome loaf made using different grains and flours. This unique product is light to eat and full of goodness including, rye, buckwheat, bran, barley, linseed, sunflower seeds, oat flakes, sesame seed and millet seed. All designed to produce wonderful flavours and texture and then baked to perfection in our stone baked oven.\" \/>\n<meta property=\"og:url\" content=\"https:\/\/planetepain.com\/en\/our-products\/multi-cereal-batard\/\" \/>\n<meta property=\"og:site_name\" content=\"Plan\u00e8te pain\" \/>\n<meta property=\"article:publisher\" content=\"https:\/\/www.facebook.com\/planetepain\/\" \/>\n<meta property=\"og:image\" content=\"https:\/\/planetepain.com\/wp-content\/uploads\/2021\/02\/Batard-multi-cereales-Boulangerie-Planete-Pain-10605.jpg\" \/>\n\t<meta property=\"og:image:width\" content=\"1000\" \/>\n\t<meta property=\"og:image:height\" content=\"1000\" \/>\n\t<meta property=\"og:image:type\" content=\"image\/jpeg\" \/>\n<meta name=\"twitter:card\" content=\"summary_large_image\" \/>\n<script type=\"application\/ld+json\" class=\"yoast-schema-graph\">{\"@context\":\"https:\/\/schema.org\",\"@graph\":[{\"@type\":\"WebPage\",\"@id\":\"https:\/\/planetepain.com\/en\/our-products\/multi-cereal-batard\/\",\"url\":\"https:\/\/planetepain.com\/en\/our-products\/multi-cereal-batard\/\",\"name\":\"Multi Cereal Batard | Plan\u00e8te pain\",\"isPartOf\":{\"@id\":\"https:\/\/planetepain.com\/#website\"},\"primaryImageOfPage\":{\"@id\":\"https:\/\/planetepain.com\/en\/our-products\/multi-cereal-batard\/#primaryimage\"},\"image\":{\"@id\":\"https:\/\/planetepain.com\/en\/our-products\/multi-cereal-batard\/#primaryimage\"},\"thumbnailUrl\":\"https:\/\/planetepain.com\/wp-content\/uploads\/2021\/02\/Batard-multi-cereales-Boulangerie-Planete-Pain-10605.jpg\",\"datePublished\":\"2021-02-07T14:20:38+00:00\",\"dateModified\":\"2021-02-07T14:20:38+00:00\",\"breadcrumb\":{\"@id\":\"https:\/\/planetepain.com\/en\/our-products\/multi-cereal-batard\/#breadcrumb\"},\"inLanguage\":\"en-US\",\"potentialAction\":[{\"@type\":\"ReadAction\",\"target\":[\"https:\/\/planetepain.com\/en\/our-products\/multi-cereal-batard\/\"]}]},{\"@type\":\"ImageObject\",\"inLanguage\":\"en-US\",\"@id\":\"https:\/\/planetepain.com\/en\/our-products\/multi-cereal-batard\/#primaryimage\",\"url\":\"https:\/\/planetepain.com\/wp-content\/uploads\/2021\/02\/Batard-multi-cereales-Boulangerie-Planete-Pain-10605.jpg\",\"contentUrl\":\"https:\/\/planetepain.com\/wp-content\/uploads\/2021\/02\/Batard-multi-cereales-Boulangerie-Planete-Pain-10605.jpg\",\"width\":1000,\"height\":1000,\"caption\":\"Batard Multi C\u00e9r\u00e9ales Boulangerie Plan\u00e8te Pain 10605\"},{\"@type\":\"BreadcrumbList\",\"@id\":\"https:\/\/planetepain.com\/en\/our-products\/multi-cereal-batard\/#breadcrumb\",\"itemListElement\":[{\"@type\":\"ListItem\",\"position\":1,\"name\":\"Accueil\",\"item\":\"https:\/\/planetepain.com\/en\/\"},{\"@type\":\"ListItem\",\"position\":2,\"name\":\"Produits\",\"item\":\"https:\/\/planetepain.com\/boutique\/\"},{\"@type\":\"ListItem\",\"position\":3,\"name\":\"Multi Cereal Batard\"}]},{\"@type\":\"WebSite\",\"@id\":\"https:\/\/planetepain.com\/#website\",\"url\":\"https:\/\/planetepain.com\/\",\"name\":\"Plan\u00e8te pain\",\"description\":\"Pain &amp; viennoiserie de France\",\"publisher\":{\"@id\":\"https:\/\/planetepain.com\/#organization\"},\"potentialAction\":[{\"@type\":\"SearchAction\",\"target\":{\"@type\":\"EntryPoint\",\"urlTemplate\":\"https:\/\/planetepain.com\/?s={search_term_string}\"},\"query-input\":{\"@type\":\"PropertyValueSpecification\",\"valueRequired\":true,\"valueName\":\"search_term_string\"}}],\"inLanguage\":\"en-US\"},{\"@type\":\"Organization\",\"@id\":\"https:\/\/planetepain.com\/#organization\",\"name\":\"Plan\u00e8te Pain\",\"url\":\"https:\/\/planetepain.com\/\",\"logo\":{\"@type\":\"ImageObject\",\"inLanguage\":\"en-US\",\"@id\":\"https:\/\/planetepain.com\/#\/schema\/logo\/image\/\",\"url\":\"https:\/\/planetepain.com\/wp-content\/uploads\/2020\/11\/logo-Planete-pain.svg\",\"contentUrl\":\"https:\/\/planetepain.com\/wp-content\/uploads\/2020\/11\/logo-Planete-pain.svg\",\"width\":1,\"height\":1,\"caption\":\"Plan\u00e8te Pain\"},\"image\":{\"@id\":\"https:\/\/planetepain.com\/#\/schema\/logo\/image\/\"},\"sameAs\":[\"https:\/\/www.facebook.com\/planetepain\/\",\"https:\/\/fr.linkedin.com\/company\/planete-pain-sas\"]}]}<\/script>\n<!-- \/ Yoast SEO plugin. -->","yoast_head_json":{"title":"Multi Cereal Batard | Plan\u00e8te pain","robots":{"index":"index","follow":"follow","max-snippet":"max-snippet:-1","max-image-preview":"max-image-preview:large","max-video-preview":"max-video-preview:-1"},"canonical":"https:\/\/planetepain.com\/en\/our-products\/multi-cereal-batard\/","og_locale":"en_US","og_type":"article","og_title":"Multi Cereal Batard | Plan\u00e8te pain","og_description":"Part Baked dark brown but light and wholesome loaf made using different grains and flours. This unique product is light to eat and full of goodness including, rye, buckwheat, bran, barley, linseed, sunflower seeds, oat flakes, sesame seed and millet seed. All designed to produce wonderful flavours and texture and then baked to perfection in our stone baked oven.","og_url":"https:\/\/planetepain.com\/en\/our-products\/multi-cereal-batard\/","og_site_name":"Plan\u00e8te pain","article_publisher":"https:\/\/www.facebook.com\/planetepain\/","og_image":[{"width":1000,"height":1000,"url":"https:\/\/planetepain.com\/wp-content\/uploads\/2021\/02\/Batard-multi-cereales-Boulangerie-Planete-Pain-10605.jpg","type":"image\/jpeg"}],"twitter_card":"summary_large_image","schema":{"@context":"https:\/\/schema.org","@graph":[{"@type":"WebPage","@id":"https:\/\/planetepain.com\/en\/our-products\/multi-cereal-batard\/","url":"https:\/\/planetepain.com\/en\/our-products\/multi-cereal-batard\/","name":"Multi Cereal Batard | Plan\u00e8te pain","isPartOf":{"@id":"https:\/\/planetepain.com\/#website"},"primaryImageOfPage":{"@id":"https:\/\/planetepain.com\/en\/our-products\/multi-cereal-batard\/#primaryimage"},"image":{"@id":"https:\/\/planetepain.com\/en\/our-products\/multi-cereal-batard\/#primaryimage"},"thumbnailUrl":"https:\/\/planetepain.com\/wp-content\/uploads\/2021\/02\/Batard-multi-cereales-Boulangerie-Planete-Pain-10605.jpg","datePublished":"2021-02-07T14:20:38+00:00","dateModified":"2021-02-07T14:20:38+00:00","breadcrumb":{"@id":"https:\/\/planetepain.com\/en\/our-products\/multi-cereal-batard\/#breadcrumb"},"inLanguage":"en-US","potentialAction":[{"@type":"ReadAction","target":["https:\/\/planetepain.com\/en\/our-products\/multi-cereal-batard\/"]}]},{"@type":"ImageObject","inLanguage":"en-US","@id":"https:\/\/planetepain.com\/en\/our-products\/multi-cereal-batard\/#primaryimage","url":"https:\/\/planetepain.com\/wp-content\/uploads\/2021\/02\/Batard-multi-cereales-Boulangerie-Planete-Pain-10605.jpg","contentUrl":"https:\/\/planetepain.com\/wp-content\/uploads\/2021\/02\/Batard-multi-cereales-Boulangerie-Planete-Pain-10605.jpg","width":1000,"height":1000,"caption":"Batard Multi C\u00e9r\u00e9ales Boulangerie Plan\u00e8te Pain 10605"},{"@type":"BreadcrumbList","@id":"https:\/\/planetepain.com\/en\/our-products\/multi-cereal-batard\/#breadcrumb","itemListElement":[{"@type":"ListItem","position":1,"name":"Accueil","item":"https:\/\/planetepain.com\/en\/"},{"@type":"ListItem","position":2,"name":"Produits","item":"https:\/\/planetepain.com\/boutique\/"},{"@type":"ListItem","position":3,"name":"Multi Cereal Batard"}]},{"@type":"WebSite","@id":"https:\/\/planetepain.com\/#website","url":"https:\/\/planetepain.com\/","name":"Plan\u00e8te pain","description":"Pain &amp; viennoiserie de France","publisher":{"@id":"https:\/\/planetepain.com\/#organization"},"potentialAction":[{"@type":"SearchAction","target":{"@type":"EntryPoint","urlTemplate":"https:\/\/planetepain.com\/?s={search_term_string}"},"query-input":{"@type":"PropertyValueSpecification","valueRequired":true,"valueName":"search_term_string"}}],"inLanguage":"en-US"},{"@type":"Organization","@id":"https:\/\/planetepain.com\/#organization","name":"Plan\u00e8te Pain","url":"https:\/\/planetepain.com\/","logo":{"@type":"ImageObject","inLanguage":"en-US","@id":"https:\/\/planetepain.com\/#\/schema\/logo\/image\/","url":"https:\/\/planetepain.com\/wp-content\/uploads\/2020\/11\/logo-Planete-pain.svg","contentUrl":"https:\/\/planetepain.com\/wp-content\/uploads\/2020\/11\/logo-Planete-pain.svg","width":1,"height":1,"caption":"Plan\u00e8te Pain"},"image":{"@id":"https:\/\/planetepain.com\/#\/schema\/logo\/image\/"},"sameAs":["https:\/\/www.facebook.com\/planetepain\/","https:\/\/fr.linkedin.com\/company\/planete-pain-sas"]}]}},"_links":{"self":[{"href":"https:\/\/planetepain.com\/en\/wp-json\/wp\/v2\/product\/4435","targetHints":{"allow":["GET"]}}],"collection":[{"href":"https:\/\/planetepain.com\/en\/wp-json\/wp\/v2\/product"}],"about":[{"href":"https:\/\/planetepain.com\/en\/wp-json\/wp\/v2\/types\/product"}],"wp:featuredmedia":[{"embeddable":true,"href":"https:\/\/planetepain.com\/en\/wp-json\/wp\/v2\/media\/2368"}],"wp:attachment":[{"href":"https:\/\/planetepain.com\/en\/wp-json\/wp\/v2\/media?parent=4435"}],"wp:term":[{"taxonomy":"product_cat","embeddable":true,"href":"https:\/\/planetepain.com\/en\/wp-json\/wp\/v2\/product_cat?post=4435"},{"taxonomy":"product_tag","embeddable":true,"href":"https:\/\/planetepain.com\/en\/wp-json\/wp\/v2\/product_tag?post=4435"}],"curies":[{"name":"wp","href":"https:\/\/api.w.org\/{rel}","templated":true}]}}