{"id":4429,"date":"2021-02-07T15:06:58","date_gmt":"2021-02-07T14:06:58","guid":{"rendered":"https:\/\/planetepain.com\/nos-produits\/full-baguette-multi-cereal\/"},"modified":"2021-02-07T15:06:58","modified_gmt":"2021-02-07T14:06:58","slug":"full-baguette-multi-cereal","status":"publish","type":"product","link":"https:\/\/planetepain.com\/en\/our-products\/full-baguette-multi-cereal\/","title":{"rendered":"Full Baguette Multi Cereal"},"content":{"rendered":"<ul>\n<li>A very light topping is all it takes to make a tasty sandwich\n<\/li>\n<li>Vegan<\/li>\n<\/ul>\n","protected":false},"excerpt":{"rendered":"<p>Full baguette rich in taste thanks to a clever blend of millet, sesame and other oatmeal  combined with toasted malted wheat flour. The crust is fine and crispy after a 10-minutes in a preheated oven at 200oC.  Great taste and quality guaranteed. Bake in the oven for 10 minutes to enjoy fresh.\tUne garniture tr\u00e8s l\u00e9g\u00e8re suffit pour r\u00e9aliser un sandwich gouteux\tA very light topping is all it takes to make a tasty sandwich.<\/p>\n","protected":false},"featured_media":2362,"template":"","meta":{"_acf_changed":false,"_et_pb_use_builder":"","_et_pb_old_content":"","_et_gb_content_width":""},"product_cat":[95],"product_tag":[],"class_list":{"0":"post-4429","1":"product","2":"type-product","3":"status-publish","4":"has-post-thumbnail","6":"product_cat-baguettes-en","7":"pa_composition-vegan-en","8":"pa_cuisson-part-baked","9":"vignette-boulangerie","11":"first","12":"instock","13":"shipping-taxable","14":"product-type-simple"},"acf":[],"yoast_head":"<!-- This site is optimized with the Yoast SEO plugin v23.9 - https:\/\/yoast.com\/wordpress\/plugins\/seo\/ -->\n<title>Full Baguette Multi Cereal | Plan\u00e8te pain<\/title>\n<meta name=\"robots\" content=\"index, follow, max-snippet:-1, max-image-preview:large, max-video-preview:-1\" \/>\n<link rel=\"canonical\" href=\"https:\/\/planetepain.com\/en\/our-products\/full-baguette-multi-cereal\/\" \/>\n<meta property=\"og:locale\" content=\"en_US\" \/>\n<meta property=\"og:type\" content=\"article\" \/>\n<meta property=\"og:title\" content=\"Full Baguette Multi Cereal | Plan\u00e8te pain\" \/>\n<meta property=\"og:description\" content=\"Full baguette rich in taste thanks to a clever blend of millet, sesame and other oatmeal combined with toasted malted wheat flour. The crust is fine and crispy after a 10-minutes in a preheated oven at 200oC. Great taste and quality guaranteed. Bake in the oven for 10 minutes to enjoy fresh. Une garniture tr\u00e8s l\u00e9g\u00e8re suffit pour r\u00e9aliser un sandwich gouteux A very light topping is all it takes to make a tasty sandwich.\" \/>\n<meta property=\"og:url\" content=\"https:\/\/planetepain.com\/en\/our-products\/full-baguette-multi-cereal\/\" \/>\n<meta property=\"og:site_name\" content=\"Plan\u00e8te pain\" \/>\n<meta property=\"article:publisher\" content=\"https:\/\/www.facebook.com\/planetepain\/\" \/>\n<meta property=\"og:image\" content=\"https:\/\/planetepain.com\/wp-content\/uploads\/2021\/02\/Baguette-multi-cereales-Boulangerie-Planete-Pain-10620.jpg\" \/>\n\t<meta property=\"og:image:width\" content=\"1000\" \/>\n\t<meta property=\"og:image:height\" content=\"1000\" \/>\n\t<meta property=\"og:image:type\" content=\"image\/jpeg\" \/>\n<meta name=\"twitter:card\" content=\"summary_large_image\" \/>\n<script type=\"application\/ld+json\" class=\"yoast-schema-graph\">{\"@context\":\"https:\/\/schema.org\",\"@graph\":[{\"@type\":\"WebPage\",\"@id\":\"https:\/\/planetepain.com\/en\/our-products\/full-baguette-multi-cereal\/\",\"url\":\"https:\/\/planetepain.com\/en\/our-products\/full-baguette-multi-cereal\/\",\"name\":\"Full Baguette Multi Cereal | Plan\u00e8te pain\",\"isPartOf\":{\"@id\":\"https:\/\/planetepain.com\/#website\"},\"primaryImageOfPage\":{\"@id\":\"https:\/\/planetepain.com\/en\/our-products\/full-baguette-multi-cereal\/#primaryimage\"},\"image\":{\"@id\":\"https:\/\/planetepain.com\/en\/our-products\/full-baguette-multi-cereal\/#primaryimage\"},\"thumbnailUrl\":\"https:\/\/planetepain.com\/wp-content\/uploads\/2021\/02\/Baguette-multi-cereales-Boulangerie-Planete-Pain-10620.jpg\",\"datePublished\":\"2021-02-07T14:06:58+00:00\",\"dateModified\":\"2021-02-07T14:06:58+00:00\",\"breadcrumb\":{\"@id\":\"https:\/\/planetepain.com\/en\/our-products\/full-baguette-multi-cereal\/#breadcrumb\"},\"inLanguage\":\"en-US\",\"potentialAction\":[{\"@type\":\"ReadAction\",\"target\":[\"https:\/\/planetepain.com\/en\/our-products\/full-baguette-multi-cereal\/\"]}]},{\"@type\":\"ImageObject\",\"inLanguage\":\"en-US\",\"@id\":\"https:\/\/planetepain.com\/en\/our-products\/full-baguette-multi-cereal\/#primaryimage\",\"url\":\"https:\/\/planetepain.com\/wp-content\/uploads\/2021\/02\/Baguette-multi-cereales-Boulangerie-Planete-Pain-10620.jpg\",\"contentUrl\":\"https:\/\/planetepain.com\/wp-content\/uploads\/2021\/02\/Baguette-multi-cereales-Boulangerie-Planete-Pain-10620.jpg\",\"width\":1000,\"height\":1000,\"caption\":\"Baguette Multi C\u00e9r\u00e9ales Boulangerie Plan\u00e8te Pain 10620\"},{\"@type\":\"BreadcrumbList\",\"@id\":\"https:\/\/planetepain.com\/en\/our-products\/full-baguette-multi-cereal\/#breadcrumb\",\"itemListElement\":[{\"@type\":\"ListItem\",\"position\":1,\"name\":\"Accueil\",\"item\":\"https:\/\/planetepain.com\/en\/\"},{\"@type\":\"ListItem\",\"position\":2,\"name\":\"Produits\",\"item\":\"https:\/\/planetepain.com\/boutique\/\"},{\"@type\":\"ListItem\",\"position\":3,\"name\":\"Full Baguette Multi Cereal\"}]},{\"@type\":\"WebSite\",\"@id\":\"https:\/\/planetepain.com\/#website\",\"url\":\"https:\/\/planetepain.com\/\",\"name\":\"Plan\u00e8te pain\",\"description\":\"Pain &amp; viennoiserie de France\",\"publisher\":{\"@id\":\"https:\/\/planetepain.com\/#organization\"},\"potentialAction\":[{\"@type\":\"SearchAction\",\"target\":{\"@type\":\"EntryPoint\",\"urlTemplate\":\"https:\/\/planetepain.com\/?s={search_term_string}\"},\"query-input\":{\"@type\":\"PropertyValueSpecification\",\"valueRequired\":true,\"valueName\":\"search_term_string\"}}],\"inLanguage\":\"en-US\"},{\"@type\":\"Organization\",\"@id\":\"https:\/\/planetepain.com\/#organization\",\"name\":\"Plan\u00e8te Pain\",\"url\":\"https:\/\/planetepain.com\/\",\"logo\":{\"@type\":\"ImageObject\",\"inLanguage\":\"en-US\",\"@id\":\"https:\/\/planetepain.com\/#\/schema\/logo\/image\/\",\"url\":\"https:\/\/planetepain.com\/wp-content\/uploads\/2020\/11\/logo-Planete-pain.svg\",\"contentUrl\":\"https:\/\/planetepain.com\/wp-content\/uploads\/2020\/11\/logo-Planete-pain.svg\",\"width\":1,\"height\":1,\"caption\":\"Plan\u00e8te Pain\"},\"image\":{\"@id\":\"https:\/\/planetepain.com\/#\/schema\/logo\/image\/\"},\"sameAs\":[\"https:\/\/www.facebook.com\/planetepain\/\",\"https:\/\/fr.linkedin.com\/company\/planete-pain-sas\"]}]}<\/script>\n<!-- \/ Yoast SEO plugin. -->","yoast_head_json":{"title":"Full Baguette Multi Cereal | Plan\u00e8te pain","robots":{"index":"index","follow":"follow","max-snippet":"max-snippet:-1","max-image-preview":"max-image-preview:large","max-video-preview":"max-video-preview:-1"},"canonical":"https:\/\/planetepain.com\/en\/our-products\/full-baguette-multi-cereal\/","og_locale":"en_US","og_type":"article","og_title":"Full Baguette Multi Cereal | Plan\u00e8te pain","og_description":"Full baguette rich in taste thanks to a clever blend of millet, sesame and other oatmeal combined with toasted malted wheat flour. The crust is fine and crispy after a 10-minutes in a preheated oven at 200oC. Great taste and quality guaranteed. Bake in the oven for 10 minutes to enjoy fresh. Une garniture tr\u00e8s l\u00e9g\u00e8re suffit pour r\u00e9aliser un sandwich gouteux A very light topping is all it takes to make a tasty sandwich.","og_url":"https:\/\/planetepain.com\/en\/our-products\/full-baguette-multi-cereal\/","og_site_name":"Plan\u00e8te pain","article_publisher":"https:\/\/www.facebook.com\/planetepain\/","og_image":[{"width":1000,"height":1000,"url":"https:\/\/planetepain.com\/wp-content\/uploads\/2021\/02\/Baguette-multi-cereales-Boulangerie-Planete-Pain-10620.jpg","type":"image\/jpeg"}],"twitter_card":"summary_large_image","schema":{"@context":"https:\/\/schema.org","@graph":[{"@type":"WebPage","@id":"https:\/\/planetepain.com\/en\/our-products\/full-baguette-multi-cereal\/","url":"https:\/\/planetepain.com\/en\/our-products\/full-baguette-multi-cereal\/","name":"Full Baguette Multi Cereal | Plan\u00e8te pain","isPartOf":{"@id":"https:\/\/planetepain.com\/#website"},"primaryImageOfPage":{"@id":"https:\/\/planetepain.com\/en\/our-products\/full-baguette-multi-cereal\/#primaryimage"},"image":{"@id":"https:\/\/planetepain.com\/en\/our-products\/full-baguette-multi-cereal\/#primaryimage"},"thumbnailUrl":"https:\/\/planetepain.com\/wp-content\/uploads\/2021\/02\/Baguette-multi-cereales-Boulangerie-Planete-Pain-10620.jpg","datePublished":"2021-02-07T14:06:58+00:00","dateModified":"2021-02-07T14:06:58+00:00","breadcrumb":{"@id":"https:\/\/planetepain.com\/en\/our-products\/full-baguette-multi-cereal\/#breadcrumb"},"inLanguage":"en-US","potentialAction":[{"@type":"ReadAction","target":["https:\/\/planetepain.com\/en\/our-products\/full-baguette-multi-cereal\/"]}]},{"@type":"ImageObject","inLanguage":"en-US","@id":"https:\/\/planetepain.com\/en\/our-products\/full-baguette-multi-cereal\/#primaryimage","url":"https:\/\/planetepain.com\/wp-content\/uploads\/2021\/02\/Baguette-multi-cereales-Boulangerie-Planete-Pain-10620.jpg","contentUrl":"https:\/\/planetepain.com\/wp-content\/uploads\/2021\/02\/Baguette-multi-cereales-Boulangerie-Planete-Pain-10620.jpg","width":1000,"height":1000,"caption":"Baguette Multi C\u00e9r\u00e9ales Boulangerie Plan\u00e8te Pain 10620"},{"@type":"BreadcrumbList","@id":"https:\/\/planetepain.com\/en\/our-products\/full-baguette-multi-cereal\/#breadcrumb","itemListElement":[{"@type":"ListItem","position":1,"name":"Accueil","item":"https:\/\/planetepain.com\/en\/"},{"@type":"ListItem","position":2,"name":"Produits","item":"https:\/\/planetepain.com\/boutique\/"},{"@type":"ListItem","position":3,"name":"Full Baguette Multi Cereal"}]},{"@type":"WebSite","@id":"https:\/\/planetepain.com\/#website","url":"https:\/\/planetepain.com\/","name":"Plan\u00e8te pain","description":"Pain &amp; viennoiserie de France","publisher":{"@id":"https:\/\/planetepain.com\/#organization"},"potentialAction":[{"@type":"SearchAction","target":{"@type":"EntryPoint","urlTemplate":"https:\/\/planetepain.com\/?s={search_term_string}"},"query-input":{"@type":"PropertyValueSpecification","valueRequired":true,"valueName":"search_term_string"}}],"inLanguage":"en-US"},{"@type":"Organization","@id":"https:\/\/planetepain.com\/#organization","name":"Plan\u00e8te Pain","url":"https:\/\/planetepain.com\/","logo":{"@type":"ImageObject","inLanguage":"en-US","@id":"https:\/\/planetepain.com\/#\/schema\/logo\/image\/","url":"https:\/\/planetepain.com\/wp-content\/uploads\/2020\/11\/logo-Planete-pain.svg","contentUrl":"https:\/\/planetepain.com\/wp-content\/uploads\/2020\/11\/logo-Planete-pain.svg","width":1,"height":1,"caption":"Plan\u00e8te Pain"},"image":{"@id":"https:\/\/planetepain.com\/#\/schema\/logo\/image\/"},"sameAs":["https:\/\/www.facebook.com\/planetepain\/","https:\/\/fr.linkedin.com\/company\/planete-pain-sas"]}]}},"_links":{"self":[{"href":"https:\/\/planetepain.com\/en\/wp-json\/wp\/v2\/product\/4429","targetHints":{"allow":["GET"]}}],"collection":[{"href":"https:\/\/planetepain.com\/en\/wp-json\/wp\/v2\/product"}],"about":[{"href":"https:\/\/planetepain.com\/en\/wp-json\/wp\/v2\/types\/product"}],"wp:featuredmedia":[{"embeddable":true,"href":"https:\/\/planetepain.com\/en\/wp-json\/wp\/v2\/media\/2362"}],"wp:attachment":[{"href":"https:\/\/planetepain.com\/en\/wp-json\/wp\/v2\/media?parent=4429"}],"wp:term":[{"taxonomy":"product_cat","embeddable":true,"href":"https:\/\/planetepain.com\/en\/wp-json\/wp\/v2\/product_cat?post=4429"},{"taxonomy":"product_tag","embeddable":true,"href":"https:\/\/planetepain.com\/en\/wp-json\/wp\/v2\/product_tag?post=4429"}],"curies":[{"name":"wp","href":"https:\/\/api.w.org\/{rel}","templated":true}]}}