{"id":3679,"date":"2021-03-27T10:01:32","date_gmt":"2021-03-27T09:01:32","guid":{"rendered":"https:\/\/planetepain.com\/our-history\/"},"modified":"2024-11-30T17:37:45","modified_gmt":"2024-11-30T16:37:45","slug":"history","status":"publish","type":"page","link":"https:\/\/planetepain.com\/en\/history\/","title":{"rendered":"History"},"content":{"rendered":"<p>[et_pb_section fb_built=&#8221;1&#8243; fullwidth=&#8221;on&#8221; custom_padding_last_edited=&#8221;on|desktop&#8221; prev_background_color=&#8221;#ffffff&#8221; module_class=&#8221;section-visu&#8221; _builder_version=&#8221;4.16&#8243; _module_preset=&#8221;default&#8221; background_image=&#8221;https:\/\/planetepain.com\/wp-content\/uploads\/2021\/03\/histoire-Planete-Pain-01.jpg&#8221; custom_padding=&#8221;75px||75px||true|false&#8221; custom_padding_tablet=&#8221;&#8221; custom_padding_phone=&#8221;5vh||5vh||true|false&#8221; top_divider_style=&#8221;ramp2&#8243; top_divider_height=&#8221;90px&#8221; top_divider_flip=&#8221;vertical&#8221; top_divider_height_tablet=&#8221;&#8221; top_divider_height_phone=&#8221;70px&#8221; top_divider_height_last_edited=&#8221;on|phone&#8221; locked=&#8221;off&#8221; global_colors_info=&#8221;{}&#8221;][et_pb_fullwidth_header title=&#8221;@ET-DC@eyJkeW5hbWljIjp0cnVlLCJjb250ZW50IjoicG9zdF90aXRsZSIsInNldHRpbmdzIjp7ImJlZm9yZSI6IiIsImFmdGVyIjoiIn19@&#8221; module_class=&#8221;bandeau&#8221; _builder_version=&#8221;4.16&#8243; _dynamic_attributes=&#8221;title&#8221; _module_preset=&#8221;default&#8221; title_font=&#8221;|||on|||||&#8221; subhead_font=&#8221;||on||||||&#8221; subhead_text_color=&#8221;#a7dcf8&#8243; subhead_font_size=&#8221;20px&#8221; background_color=&#8221;rgba(42,46,114,0.6)&#8221; custom_padding=&#8221;0px||0px||true|false&#8221; custom_padding_phone=&#8221;0px||0px||true|false&#8221; custom_padding_last_edited=&#8221;off|desktop&#8221; global_colors_info=&#8221;{}&#8221;][\/et_pb_fullwidth_header][\/et_pb_section][et_pb_section fb_built=&#8221;1&#8243; _builder_version=&#8221;4.16&#8243; _module_preset=&#8221;default&#8221; global_colors_info=&#8221;{}&#8221;][et_pb_row _builder_version=&#8221;4.16&#8243; _module_preset=&#8221;default&#8221; global_colors_info=&#8221;{}&#8221;][et_pb_column type=&#8221;4_4&#8243; _builder_version=&#8221;4.16&#8243; _module_preset=&#8221;default&#8221; global_colors_info=&#8221;{}&#8221;][et_pb_text module_class=&#8221;titre-souligne&#8221; _builder_version=&#8221;4.16&#8243; _module_preset=&#8221;default&#8221; global_colors_info=&#8221;{}&#8221;]<\/p>\n<h2>More than 30 years of French experience and know-how<\/h2>\n<p>[\/et_pb_text][\/et_pb_column][\/et_pb_row][et_pb_row column_structure=&#8221;1_2,1_2&#8243; make_equal=&#8221;on&#8221; _builder_version=&#8221;4.16&#8243; _module_preset=&#8221;default&#8221; custom_padding=&#8221;0px||0px||true|false&#8221; global_colors_info=&#8221;{}&#8221;][et_pb_column type=&#8221;1_2&#8243; admin_label=&#8221;Colonne&#8221; _builder_version=&#8221;4.16&#8243; _module_preset=&#8221;default&#8221; global_colors_info=&#8221;{}&#8221;][et_pb_blurb title=&#8221;1990&#8243; use_icon=&#8221;on&#8221; font_icon=&#8221;&#x5c;||divi||400&#8243; _builder_version=&#8221;4.16&#8243; _module_preset=&#8221;c2e703ae-6330-4cf4-b97f-a526e856a978&#8243; global_colors_info=&#8221;{}&#8221;]Creation of the \u201cSoci\u00e9t\u00e9 G\u00e9n\u00e9rale de Boulangerie\u201d by Mr. Jean-Paul ROBINET. We produced fresh artisan bread that was sold and delivered around Besan\u00e7on.[\/et_pb_blurb][et_pb_blurb title=&#8221;1992&#8243; use_icon=&#8221;on&#8221; font_icon=&#8221;&#x5c;||divi||400&#8243; _builder_version=&#8221;4.16&#8243; _module_preset=&#8221;c2e703ae-6330-4cf4-b97f-a526e856a978&#8243; global_colors_info=&#8221;{}&#8221;]Our company launches into the production of frozen part baked breads with the purchase of two industrial production lines.[\/et_pb_blurb][et_pb_blurb title=&#8221;1994&#8243; use_icon=&#8221;on&#8221; font_icon=&#8221;&#x5c;||divi||400&#8243; _builder_version=&#8221;4.16&#8243; _module_preset=&#8221;c2e703ae-6330-4cf4-b97f-a526e856a978&#8243; global_colors_info=&#8221;{}&#8221;]A second manufacturing unit is born in Audincourt.[\/et_pb_blurb][et_pb_blurb title=&#8221;1996&#8243; use_icon=&#8221;on&#8221; font_icon=&#8221;&#x5c;||divi||400&#8243; _builder_version=&#8221;4.16&#8243; _module_preset=&#8221;c2e703ae-6330-4cf4-b97f-a526e856a978&#8243; global_colors_info=&#8221;{}&#8221;]Decisive turning point for the company which separated from its artisan bakeries and devoted itself exclusively to industrial production.[\/et_pb_blurb][et_pb_blurb title=&#8221;1998&#8243; use_icon=&#8221;on&#8221; font_icon=&#8221;&#x5c;||divi||400&#8243; _builder_version=&#8221;4.16&#8243; _module_preset=&#8221;c2e703ae-6330-4cf4-b97f-a526e856a978&#8243; global_colors_info=&#8221;{}&#8221;]<\/p>\n<p>Our company changes its name and becomes \u00ab <strong>PLANETE PAIN<\/strong> \u00bb, a name more in line with its international dimension. A third production line is purchased.<\/p>\n<p>[\/et_pb_blurb][et_pb_blurb title=&#8221;2004&#8243; use_icon=&#8221;on&#8221; font_icon=&#8221;&#x5c;||divi||400&#8243; _builder_version=&#8221;4.16&#8243; _module_preset=&#8221;c2e703ae-6330-4cf4-b97f-a526e856a978&#8243; global_colors_info=&#8221;{}&#8221;]A ciabatta-type laminated pulp production line is purchased, bringing the number of production lines to 6.[\/et_pb_blurb][et_pb_blurb title=&#8221;2014&#8243; use_icon=&#8221;on&#8221; font_icon=&#8221;&#x5c;||divi||400&#8243; _builder_version=&#8221;4.16&#8243; _module_preset=&#8221;c2e703ae-6330-4cf4-b97f-a526e856a978&#8243; global_colors_info=&#8221;{}&#8221;]Installing a new deck oven allows us to develop our rustic ciabatta range.[\/et_pb_blurb][\/et_pb_column][et_pb_column type=&#8221;1_2&#8243; module_class=&#8221;centrer-vertical&#8221; admin_label=&#8221;Colonne&#8221; _builder_version=&#8221;4.16&#8243; _module_preset=&#8221;default&#8221; global_colors_info=&#8221;{}&#8221;][et_pb_image src=&#8221;https:\/\/planetepain.com\/wp-content\/uploads\/2021\/03\/histoire-Planete-Pain-02.jpg&#8221; alt=&#8221;Histoire Plan\u00e8te Pain 02&#8243; title_text=&#8221;Histoire Plan\u00e8te Pain 02&#8243; _builder_version=&#8221;4.16&#8243; _module_preset=&#8221;default&#8221; global_colors_info=&#8221;{}&#8221;][\/et_pb_image][\/et_pb_column][\/et_pb_row][et_pb_row _builder_version=&#8221;4.16&#8243; _module_preset=&#8221;default&#8221; custom_padding=&#8221;0px||||false|false&#8221; global_colors_info=&#8221;{}&#8221;][et_pb_column type=&#8221;4_4&#8243; _builder_version=&#8221;4.16&#8243; _module_preset=&#8221;default&#8221; global_colors_info=&#8221;{}&#8221;][et_pb_text _builder_version=&#8221;4.16&#8243; _module_preset=&#8221;default&#8221; global_colors_info=&#8221;{}&#8221;]<\/p>\n<blockquote><p>Today, PLANETE PAIN employs <strong>140 people<\/strong> who work daily to deliver to our valued customers in more than <strong>30 countries<\/strong> around the world.<\/p><\/blockquote>\n<p>[\/et_pb_text][\/et_pb_column][\/et_pb_row][et_pb_row column_structure=&#8221;1_2,1_2&#8243; _builder_version=&#8221;4.16&#8243; _module_preset=&#8221;default&#8221; global_colors_info=&#8221;{}&#8221;][et_pb_column type=&#8221;1_2&#8243; _builder_version=&#8221;4.16&#8243; _module_preset=&#8221;default&#8221; global_colors_info=&#8221;{}&#8221;][et_pb_button button_url=&#8221;https:\/\/planetepain.com\/en\/our-products\/&#8221; button_text=&#8221;\u25ba Discover our products&#8221; button_alignment=&#8221;right&#8221; button_alignment_tablet=&#8221;center&#8221; button_alignment_phone=&#8221;&#8221; button_alignment_last_edited=&#8221;on|tablet&#8221; _builder_version=&#8221;4.16&#8243; _module_preset=&#8221;default&#8221; custom_button=&#8221;on&#8221; button_bg_color=&#8221;#ca0538&#8243; button_border_width=&#8221;0px&#8221; button_border_radius=&#8221;3px&#8221; button_use_icon=&#8221;off&#8221; background_layout=&#8221;dark&#8221; custom_css_main_element=&#8221;min-width: 285px;||text-align: center;&#8221; locked=&#8221;off&#8221; global_colors_info=&#8221;{}&#8221;][\/et_pb_button][\/et_pb_column][et_pb_column type=&#8221;1_2&#8243; _builder_version=&#8221;4.16&#8243; _module_preset=&#8221;default&#8221; global_colors_info=&#8221;{}&#8221;][et_pb_button button_url=&#8221;#contact&#8221; url_new_window=&#8221;on&#8221; button_text=&#8221;\u25ba Contact us&#8221; button_alignment=&#8221;left&#8221; button_alignment_tablet=&#8221;center&#8221; button_alignment_phone=&#8221;&#8221; button_alignment_last_edited=&#8221;on|tablet&#8221; _builder_version=&#8221;4.16&#8243; _module_preset=&#8221;default&#8221; custom_button=&#8221;on&#8221; button_bg_color=&#8221;#ca0538&#8243; button_border_width=&#8221;0px&#8221; button_border_radius=&#8221;3px&#8221; button_use_icon=&#8221;off&#8221; background_layout=&#8221;dark&#8221; custom_css_main_element=&#8221;min-width: 285px;||text-align: center;&#8221; locked=&#8221;off&#8221; global_colors_info=&#8221;{}&#8221;][\/et_pb_button][\/et_pb_column][\/et_pb_row][\/et_pb_section]<\/p>\n","protected":false},"excerpt":{"rendered":"<p>More than 30 years of French experience and know-howCreation of the \u201cSoci\u00e9t\u00e9 G\u00e9n\u00e9rale de Boulangerie\u201d by Mr. Jean-Paul ROBINET. We produced fresh artisan bread that was sold and delivered around Besan\u00e7on.Our company launches into the production of frozen part baked breads with the purchase of two industrial production lines.A second manufacturing unit is born in [&hellip;]<\/p>\n","protected":false},"author":1,"featured_media":0,"parent":0,"menu_order":0,"comment_status":"closed","ping_status":"closed","template":"","meta":{"_acf_changed":false,"_et_pb_use_builder":"on","_et_pb_old_content":"","_et_gb_content_width":"","footnotes":""},"class_list":["post-3679","page","type-page","status-publish","hentry"],"acf":[],"yoast_head":"<!-- This site is optimized with the Yoast SEO plugin v23.9 - https:\/\/yoast.com\/wordpress\/plugins\/seo\/ -->\n<title>History | Plan\u00e8te pain<\/title>\n<meta name=\"description\" content=\"More than 30 years of French experience and know-how. Our human-sized company makes it a point of honor that each client is unique.\" \/>\n<meta name=\"robots\" content=\"index, follow, max-snippet:-1, max-image-preview:large, max-video-preview:-1\" \/>\n<link rel=\"canonical\" href=\"https:\/\/planetepain.com\/histoire\/\" \/>\n<meta property=\"og:locale\" content=\"en_US\" \/>\n<meta property=\"og:type\" content=\"article\" \/>\n<meta property=\"og:title\" content=\"History | Plan\u00e8te pain\" \/>\n<meta property=\"og:description\" content=\"More than 30 years of French experience and know-how. Our human-sized company makes it a point of honor that each client is unique.\" \/>\n<meta property=\"og:url\" content=\"https:\/\/planetepain.com\/histoire\/\" \/>\n<meta property=\"og:site_name\" content=\"Plan\u00e8te pain\" \/>\n<meta property=\"article:publisher\" content=\"https:\/\/www.facebook.com\/planetepain\/\" \/>\n<meta property=\"article:modified_time\" content=\"2024-11-30T16:37:45+00:00\" \/>\n<meta name=\"twitter:card\" content=\"summary_large_image\" \/>\n<meta name=\"twitter:label1\" content=\"Est. reading time\" \/>\n\t<meta name=\"twitter:data1\" content=\"5 minutes\" \/>\n<script type=\"application\/ld+json\" class=\"yoast-schema-graph\">{\"@context\":\"https:\/\/schema.org\",\"@graph\":[{\"@type\":\"WebPage\",\"@id\":\"https:\/\/planetepain.com\/histoire\/\",\"url\":\"https:\/\/planetepain.com\/histoire\/\",\"name\":\"History | Plan\u00e8te pain\",\"isPartOf\":{\"@id\":\"https:\/\/planetepain.com\/#website\"},\"datePublished\":\"2021-03-27T09:01:32+00:00\",\"dateModified\":\"2024-11-30T16:37:45+00:00\",\"description\":\"More than 30 years of French experience and know-how. Our human-sized company makes it a point of honor that each client is unique.\",\"breadcrumb\":{\"@id\":\"https:\/\/planetepain.com\/histoire\/#breadcrumb\"},\"inLanguage\":\"en-US\",\"potentialAction\":[{\"@type\":\"ReadAction\",\"target\":[\"https:\/\/planetepain.com\/histoire\/\"]}]},{\"@type\":\"BreadcrumbList\",\"@id\":\"https:\/\/planetepain.com\/histoire\/#breadcrumb\",\"itemListElement\":[{\"@type\":\"ListItem\",\"position\":1,\"name\":\"Accueil\",\"item\":\"https:\/\/planetepain.com\/en\/\"},{\"@type\":\"ListItem\",\"position\":2,\"name\":\"History\"}]},{\"@type\":\"WebSite\",\"@id\":\"https:\/\/planetepain.com\/#website\",\"url\":\"https:\/\/planetepain.com\/\",\"name\":\"Plan\u00e8te pain\",\"description\":\"Pain &amp; viennoiserie de France\",\"publisher\":{\"@id\":\"https:\/\/planetepain.com\/#organization\"},\"potentialAction\":[{\"@type\":\"SearchAction\",\"target\":{\"@type\":\"EntryPoint\",\"urlTemplate\":\"https:\/\/planetepain.com\/?s={search_term_string}\"},\"query-input\":{\"@type\":\"PropertyValueSpecification\",\"valueRequired\":true,\"valueName\":\"search_term_string\"}}],\"inLanguage\":\"en-US\"},{\"@type\":\"Organization\",\"@id\":\"https:\/\/planetepain.com\/#organization\",\"name\":\"Plan\u00e8te Pain\",\"url\":\"https:\/\/planetepain.com\/\",\"logo\":{\"@type\":\"ImageObject\",\"inLanguage\":\"en-US\",\"@id\":\"https:\/\/planetepain.com\/#\/schema\/logo\/image\/\",\"url\":\"https:\/\/planetepain.com\/wp-content\/uploads\/2020\/11\/logo-Planete-pain.svg\",\"contentUrl\":\"https:\/\/planetepain.com\/wp-content\/uploads\/2020\/11\/logo-Planete-pain.svg\",\"width\":1,\"height\":1,\"caption\":\"Plan\u00e8te Pain\"},\"image\":{\"@id\":\"https:\/\/planetepain.com\/#\/schema\/logo\/image\/\"},\"sameAs\":[\"https:\/\/www.facebook.com\/planetepain\/\",\"https:\/\/fr.linkedin.com\/company\/planete-pain-sas\"]}]}<\/script>\n<!-- \/ Yoast SEO plugin. -->","yoast_head_json":{"title":"History | Plan\u00e8te pain","description":"More than 30 years of French experience and know-how. Our human-sized company makes it a point of honor that each client is unique.","robots":{"index":"index","follow":"follow","max-snippet":"max-snippet:-1","max-image-preview":"max-image-preview:large","max-video-preview":"max-video-preview:-1"},"canonical":"https:\/\/planetepain.com\/histoire\/","og_locale":"en_US","og_type":"article","og_title":"History | Plan\u00e8te pain","og_description":"More than 30 years of French experience and know-how. Our human-sized company makes it a point of honor that each client is unique.","og_url":"https:\/\/planetepain.com\/histoire\/","og_site_name":"Plan\u00e8te pain","article_publisher":"https:\/\/www.facebook.com\/planetepain\/","article_modified_time":"2024-11-30T16:37:45+00:00","twitter_card":"summary_large_image","twitter_misc":{"Est. reading time":"5 minutes"},"schema":{"@context":"https:\/\/schema.org","@graph":[{"@type":"WebPage","@id":"https:\/\/planetepain.com\/histoire\/","url":"https:\/\/planetepain.com\/histoire\/","name":"History | Plan\u00e8te pain","isPartOf":{"@id":"https:\/\/planetepain.com\/#website"},"datePublished":"2021-03-27T09:01:32+00:00","dateModified":"2024-11-30T16:37:45+00:00","description":"More than 30 years of French experience and know-how. Our human-sized company makes it a point of honor that each client is unique.","breadcrumb":{"@id":"https:\/\/planetepain.com\/histoire\/#breadcrumb"},"inLanguage":"en-US","potentialAction":[{"@type":"ReadAction","target":["https:\/\/planetepain.com\/histoire\/"]}]},{"@type":"BreadcrumbList","@id":"https:\/\/planetepain.com\/histoire\/#breadcrumb","itemListElement":[{"@type":"ListItem","position":1,"name":"Accueil","item":"https:\/\/planetepain.com\/en\/"},{"@type":"ListItem","position":2,"name":"History"}]},{"@type":"WebSite","@id":"https:\/\/planetepain.com\/#website","url":"https:\/\/planetepain.com\/","name":"Plan\u00e8te pain","description":"Pain &amp; viennoiserie de France","publisher":{"@id":"https:\/\/planetepain.com\/#organization"},"potentialAction":[{"@type":"SearchAction","target":{"@type":"EntryPoint","urlTemplate":"https:\/\/planetepain.com\/?s={search_term_string}"},"query-input":{"@type":"PropertyValueSpecification","valueRequired":true,"valueName":"search_term_string"}}],"inLanguage":"en-US"},{"@type":"Organization","@id":"https:\/\/planetepain.com\/#organization","name":"Plan\u00e8te Pain","url":"https:\/\/planetepain.com\/","logo":{"@type":"ImageObject","inLanguage":"en-US","@id":"https:\/\/planetepain.com\/#\/schema\/logo\/image\/","url":"https:\/\/planetepain.com\/wp-content\/uploads\/2020\/11\/logo-Planete-pain.svg","contentUrl":"https:\/\/planetepain.com\/wp-content\/uploads\/2020\/11\/logo-Planete-pain.svg","width":1,"height":1,"caption":"Plan\u00e8te Pain"},"image":{"@id":"https:\/\/planetepain.com\/#\/schema\/logo\/image\/"},"sameAs":["https:\/\/www.facebook.com\/planetepain\/","https:\/\/fr.linkedin.com\/company\/planete-pain-sas"]}]}},"_links":{"self":[{"href":"https:\/\/planetepain.com\/en\/wp-json\/wp\/v2\/pages\/3679","targetHints":{"allow":["GET"]}}],"collection":[{"href":"https:\/\/planetepain.com\/en\/wp-json\/wp\/v2\/pages"}],"about":[{"href":"https:\/\/planetepain.com\/en\/wp-json\/wp\/v2\/types\/page"}],"author":[{"embeddable":true,"href":"https:\/\/planetepain.com\/en\/wp-json\/wp\/v2\/users\/1"}],"replies":[{"embeddable":true,"href":"https:\/\/planetepain.com\/en\/wp-json\/wp\/v2\/comments?post=3679"}],"version-history":[{"count":2,"href":"https:\/\/planetepain.com\/en\/wp-json\/wp\/v2\/pages\/3679\/revisions"}],"predecessor-version":[{"id":5277,"href":"https:\/\/planetepain.com\/en\/wp-json\/wp\/v2\/pages\/3679\/revisions\/5277"}],"wp:attachment":[{"href":"https:\/\/planetepain.com\/en\/wp-json\/wp\/v2\/media?parent=3679"}],"curies":[{"name":"wp","href":"https:\/\/api.w.org\/{rel}","templated":true}]}}