{"id":3631,"date":"2021-03-26T18:25:50","date_gmt":"2021-03-26T17:25:50","guid":{"rendered":"https:\/\/planetepain.com\/research-and-development\/"},"modified":"2021-04-21T17:00:00","modified_gmt":"2021-04-21T15:00:00","slug":"research-and-development","status":"publish","type":"page","link":"https:\/\/planetepain.com\/en\/research-and-development\/","title":{"rendered":"Research and development"},"content":{"rendered":"<p>[et_pb_section fb_built=&#8221;1&#8243; fullwidth=&#8221;on&#8221; custom_padding_last_edited=&#8221;on|desktop&#8221; prev_background_color=&#8221;#ffffff&#8221; module_class=&#8221;section-visu&#8221; _builder_version=&#8221;4.9.2&#8243; _module_preset=&#8221;default&#8221; background_image=&#8221;https:\/\/planetepain.com\/wp-content\/uploads\/2021\/03\/recherche-et-devellopement-Planete-Pain-03.jpg&#8221; custom_padding=&#8221;75px||75px||true|false&#8221; custom_padding_tablet=&#8221;&#8221; custom_padding_phone=&#8221;5vh||5vh||true|false&#8221; top_divider_style=&#8221;ramp2&#8243; top_divider_height=&#8221;90px&#8221; top_divider_flip=&#8221;vertical&#8221; top_divider_height_tablet=&#8221;&#8221; top_divider_height_phone=&#8221;70px&#8221; top_divider_height_last_edited=&#8221;on|phone&#8221; locked=&#8221;off&#8221;][et_pb_fullwidth_header title=&#8221;@ET-DC@eyJkeW5hbWljIjp0cnVlLCJjb250ZW50IjoicG9zdF90aXRsZSIsInNldHRpbmdzIjp7ImJlZm9yZSI6IiIsImFmdGVyIjoiIn19@&#8221; module_class=&#8221;bandeau&#8221; _builder_version=&#8221;4.9.2&#8243; _dynamic_attributes=&#8221;title&#8221; _module_preset=&#8221;default&#8221; title_font=&#8221;|||on|||||&#8221; subhead_font=&#8221;||on||||||&#8221; subhead_text_color=&#8221;#a7dcf8&#8243; subhead_font_size=&#8221;20px&#8221; background_color=&#8221;rgba(42,46,114,0.6)&#8221; custom_padding=&#8221;0px||0px||true|false&#8221; custom_padding_phone=&#8221;0px||0px||true|false&#8221; custom_padding_last_edited=&#8221;off|desktop&#8221;][\/et_pb_fullwidth_header][\/et_pb_section][et_pb_section fb_built=&#8221;1&#8243; _builder_version=&#8221;4.9.2&#8243; _module_preset=&#8221;default&#8221;][et_pb_row column_structure=&#8221;3_5,2_5&#8243; make_equal=&#8221;on&#8221; _builder_version=&#8221;4.9.2&#8243; _module_preset=&#8221;default&#8221;][et_pb_column type=&#8221;3_5&#8243; module_class=&#8221;centrer-vertical&#8221; _builder_version=&#8221;4.9.2&#8243; _module_preset=&#8221;default&#8221;][et_pb_text module_class=&#8221;titre-souligne&#8221; _builder_version=&#8221;4.9.2&#8243; _module_preset=&#8221;default&#8221;]<\/p>\n<h2>A family-sized company for which each client is unique<\/h2>\n<p>[\/et_pb_text][et_pb_text _builder_version=&#8221;4.9.2&#8243; _module_preset=&#8221;default&#8221;]<\/p>\n<p>It is the philosophy of Planete pain from when we <a href=\"https:\/\/planetepain.com\/en\/history\/\">first started trading<\/a> that we collaborate with our customers to produce products that are specifically developed according to our client\u2019s specification. As consumer patterns are constantly evolving we want to be leaders in the Foodservice market by developing new and innovative products as well as listening to our customers for bespoke products.<\/p>\n<p>We require a minimum order of 7 pallets for bespoke products. Throughout the year and based on the trends observed in the various countries with which we work, <a href=\"https:\/\/planetepain.com\/en\/team\/\">our teams<\/a> work to <strong>develop innovative products<\/strong> that go beyond the standards and give added value to our customers.<\/p>\n<p>[\/et_pb_text][\/et_pb_column][et_pb_column type=&#8221;2_5&#8243; module_class=&#8221;centrer-vertical&#8221; _builder_version=&#8221;4.9.2&#8243; _module_preset=&#8221;default&#8221;][et_pb_image src=&#8221;https:\/\/planetepain.com\/wp-content\/uploads\/2021\/03\/recherche-et-devellopement-Planete-Pain-02.jpg&#8221; alt=&#8221;recherche-et-d\u00e9vellopement-Plan\u00e8te-Pain-02&#8243; title_text=&#8221;recherche-et-d\u00e9vellopement-Plan\u00e8te-Pain-02&#8243; _builder_version=&#8221;4.9.2&#8243; _module_preset=&#8221;default&#8221;][\/et_pb_image][\/et_pb_column][\/et_pb_row][et_pb_row column_structure=&#8221;1_2,1_2&#8243; _builder_version=&#8221;4.9.2&#8243; _module_preset=&#8221;default&#8221;][et_pb_column type=&#8221;1_2&#8243; _builder_version=&#8221;4.9.2&#8243; _module_preset=&#8221;default&#8221;][et_pb_button button_url=&#8221;https:\/\/planetepain.com\/en\/our-products\/&#8221; button_text=&#8221;\u25ba  Discover our products&#8221; button_alignment=&#8221;right&#8221; button_alignment_tablet=&#8221;center&#8221; button_alignment_phone=&#8221;&#8221; button_alignment_last_edited=&#8221;on|tablet&#8221; _builder_version=&#8221;4.9.2&#8243; _module_preset=&#8221;default&#8221; custom_button=&#8221;on&#8221; button_bg_color=&#8221;#ca0538&#8243; button_border_width=&#8221;0px&#8221; button_border_radius=&#8221;3px&#8221; button_use_icon=&#8221;off&#8221; background_layout=&#8221;dark&#8221; custom_css_main_element=&#8221;min-width: 285px;||text-align: center;&#8221; locked=&#8221;off&#8221;][\/et_pb_button][\/et_pb_column][et_pb_column type=&#8221;1_2&#8243; _builder_version=&#8221;4.9.2&#8243; _module_preset=&#8221;default&#8221;][et_pb_button button_url=&#8221;#contact&#8221; url_new_window=&#8221;on&#8221; button_text=&#8221;\u25ba Contact us&#8221; button_alignment=&#8221;left&#8221; button_alignment_tablet=&#8221;center&#8221; button_alignment_phone=&#8221;&#8221; button_alignment_last_edited=&#8221;on|tablet&#8221; _builder_version=&#8221;4.9.2&#8243; _module_preset=&#8221;default&#8221; custom_button=&#8221;on&#8221; button_bg_color=&#8221;#ca0538&#8243; button_border_width=&#8221;0px&#8221; button_border_radius=&#8221;3px&#8221; button_use_icon=&#8221;off&#8221; background_layout=&#8221;dark&#8221; custom_css_main_element=&#8221;min-width: 285px;||text-align: center;&#8221; locked=&#8221;off&#8221;][\/et_pb_button][\/et_pb_column][\/et_pb_row][\/et_pb_section]<\/p>\n","protected":false},"excerpt":{"rendered":"<p>A family-sized company for which each client is uniqueIt is the philosophy of Planete pain from when we first started trading that we collaborate with our customers to produce products that are specifically developed according to our client\u2019s specification. As consumer patterns are constantly evolving we want to be leaders in the Foodservice market by [&hellip;]<\/p>\n","protected":false},"author":1,"featured_media":0,"parent":0,"menu_order":0,"comment_status":"closed","ping_status":"closed","template":"","meta":{"_acf_changed":false,"_et_pb_use_builder":"on","_et_pb_old_content":"","_et_gb_content_width":"","footnotes":""},"class_list":["post-3631","page","type-page","status-publish","hentry"],"acf":[],"yoast_head":"<!-- This site is optimized with the Yoast SEO plugin v23.9 - https:\/\/yoast.com\/wordpress\/plugins\/seo\/ -->\n<title>Research and development | Plan\u00e8te pain<\/title>\n<meta name=\"description\" content=\"Plan\u00e8te Pain teams work to develop innovative products (sandwich, baguette, bread, bastard, pastries, etc.) that go beyond the standards and give added value to our customers.\" \/>\n<meta name=\"robots\" content=\"index, follow, max-snippet:-1, max-image-preview:large, max-video-preview:-1\" \/>\n<link rel=\"canonical\" href=\"https:\/\/planetepain.com\/en\/research-and-development\/\" \/>\n<meta property=\"og:locale\" content=\"en_US\" \/>\n<meta property=\"og:type\" content=\"article\" \/>\n<meta property=\"og:title\" content=\"Research and development | Plan\u00e8te pain\" \/>\n<meta property=\"og:description\" content=\"Plan\u00e8te Pain teams work to develop innovative products (sandwich, baguette, bread, bastard, pastries, etc.) that go beyond the standards and give added value to our customers.\" \/>\n<meta property=\"og:url\" content=\"https:\/\/planetepain.com\/en\/research-and-development\/\" \/>\n<meta property=\"og:site_name\" content=\"Plan\u00e8te pain\" \/>\n<meta property=\"article:publisher\" content=\"https:\/\/www.facebook.com\/planetepain\/\" \/>\n<meta property=\"article:modified_time\" content=\"2021-04-21T15:00:00+00:00\" \/>\n<meta name=\"twitter:card\" content=\"summary_large_image\" \/>\n<meta name=\"twitter:label1\" content=\"Est. reading time\" \/>\n\t<meta name=\"twitter:data1\" content=\"3 minutes\" \/>\n<script type=\"application\/ld+json\" class=\"yoast-schema-graph\">{\"@context\":\"https:\/\/schema.org\",\"@graph\":[{\"@type\":\"WebPage\",\"@id\":\"https:\/\/planetepain.com\/en\/research-and-development\/\",\"url\":\"https:\/\/planetepain.com\/en\/research-and-development\/\",\"name\":\"Research and development | Plan\u00e8te pain\",\"isPartOf\":{\"@id\":\"https:\/\/planetepain.com\/#website\"},\"datePublished\":\"2021-03-26T17:25:50+00:00\",\"dateModified\":\"2021-04-21T15:00:00+00:00\",\"description\":\"Plan\u00e8te Pain teams work to develop innovative products (sandwich, baguette, bread, bastard, pastries, etc.) that go beyond the standards and give added value to our customers.\",\"breadcrumb\":{\"@id\":\"https:\/\/planetepain.com\/en\/research-and-development\/#breadcrumb\"},\"inLanguage\":\"en-US\",\"potentialAction\":[{\"@type\":\"ReadAction\",\"target\":[\"https:\/\/planetepain.com\/en\/research-and-development\/\"]}]},{\"@type\":\"BreadcrumbList\",\"@id\":\"https:\/\/planetepain.com\/en\/research-and-development\/#breadcrumb\",\"itemListElement\":[{\"@type\":\"ListItem\",\"position\":1,\"name\":\"Accueil\",\"item\":\"https:\/\/planetepain.com\/en\/\"},{\"@type\":\"ListItem\",\"position\":2,\"name\":\"Research and development\"}]},{\"@type\":\"WebSite\",\"@id\":\"https:\/\/planetepain.com\/#website\",\"url\":\"https:\/\/planetepain.com\/\",\"name\":\"Plan\u00e8te pain\",\"description\":\"Pain &amp; viennoiserie de France\",\"publisher\":{\"@id\":\"https:\/\/planetepain.com\/#organization\"},\"potentialAction\":[{\"@type\":\"SearchAction\",\"target\":{\"@type\":\"EntryPoint\",\"urlTemplate\":\"https:\/\/planetepain.com\/?s={search_term_string}\"},\"query-input\":{\"@type\":\"PropertyValueSpecification\",\"valueRequired\":true,\"valueName\":\"search_term_string\"}}],\"inLanguage\":\"en-US\"},{\"@type\":\"Organization\",\"@id\":\"https:\/\/planetepain.com\/#organization\",\"name\":\"Plan\u00e8te Pain\",\"url\":\"https:\/\/planetepain.com\/\",\"logo\":{\"@type\":\"ImageObject\",\"inLanguage\":\"en-US\",\"@id\":\"https:\/\/planetepain.com\/#\/schema\/logo\/image\/\",\"url\":\"https:\/\/planetepain.com\/wp-content\/uploads\/2020\/11\/logo-Planete-pain.svg\",\"contentUrl\":\"https:\/\/planetepain.com\/wp-content\/uploads\/2020\/11\/logo-Planete-pain.svg\",\"width\":1,\"height\":1,\"caption\":\"Plan\u00e8te Pain\"},\"image\":{\"@id\":\"https:\/\/planetepain.com\/#\/schema\/logo\/image\/\"},\"sameAs\":[\"https:\/\/www.facebook.com\/planetepain\/\",\"https:\/\/fr.linkedin.com\/company\/planete-pain-sas\"]}]}<\/script>\n<!-- \/ Yoast SEO plugin. -->","yoast_head_json":{"title":"Research and development | Plan\u00e8te pain","description":"Plan\u00e8te Pain teams work to develop innovative products (sandwich, baguette, bread, bastard, pastries, etc.) that go beyond the standards and give added value to our customers.","robots":{"index":"index","follow":"follow","max-snippet":"max-snippet:-1","max-image-preview":"max-image-preview:large","max-video-preview":"max-video-preview:-1"},"canonical":"https:\/\/planetepain.com\/en\/research-and-development\/","og_locale":"en_US","og_type":"article","og_title":"Research and development | Plan\u00e8te pain","og_description":"Plan\u00e8te Pain teams work to develop innovative products (sandwich, baguette, bread, bastard, pastries, etc.) that go beyond the standards and give added value to our customers.","og_url":"https:\/\/planetepain.com\/en\/research-and-development\/","og_site_name":"Plan\u00e8te pain","article_publisher":"https:\/\/www.facebook.com\/planetepain\/","article_modified_time":"2021-04-21T15:00:00+00:00","twitter_card":"summary_large_image","twitter_misc":{"Est. reading time":"3 minutes"},"schema":{"@context":"https:\/\/schema.org","@graph":[{"@type":"WebPage","@id":"https:\/\/planetepain.com\/en\/research-and-development\/","url":"https:\/\/planetepain.com\/en\/research-and-development\/","name":"Research and development | Plan\u00e8te pain","isPartOf":{"@id":"https:\/\/planetepain.com\/#website"},"datePublished":"2021-03-26T17:25:50+00:00","dateModified":"2021-04-21T15:00:00+00:00","description":"Plan\u00e8te Pain teams work to develop innovative products (sandwich, baguette, bread, bastard, pastries, etc.) that go beyond the standards and give added value to our customers.","breadcrumb":{"@id":"https:\/\/planetepain.com\/en\/research-and-development\/#breadcrumb"},"inLanguage":"en-US","potentialAction":[{"@type":"ReadAction","target":["https:\/\/planetepain.com\/en\/research-and-development\/"]}]},{"@type":"BreadcrumbList","@id":"https:\/\/planetepain.com\/en\/research-and-development\/#breadcrumb","itemListElement":[{"@type":"ListItem","position":1,"name":"Accueil","item":"https:\/\/planetepain.com\/en\/"},{"@type":"ListItem","position":2,"name":"Research and development"}]},{"@type":"WebSite","@id":"https:\/\/planetepain.com\/#website","url":"https:\/\/planetepain.com\/","name":"Plan\u00e8te pain","description":"Pain &amp; viennoiserie de France","publisher":{"@id":"https:\/\/planetepain.com\/#organization"},"potentialAction":[{"@type":"SearchAction","target":{"@type":"EntryPoint","urlTemplate":"https:\/\/planetepain.com\/?s={search_term_string}"},"query-input":{"@type":"PropertyValueSpecification","valueRequired":true,"valueName":"search_term_string"}}],"inLanguage":"en-US"},{"@type":"Organization","@id":"https:\/\/planetepain.com\/#organization","name":"Plan\u00e8te Pain","url":"https:\/\/planetepain.com\/","logo":{"@type":"ImageObject","inLanguage":"en-US","@id":"https:\/\/planetepain.com\/#\/schema\/logo\/image\/","url":"https:\/\/planetepain.com\/wp-content\/uploads\/2020\/11\/logo-Planete-pain.svg","contentUrl":"https:\/\/planetepain.com\/wp-content\/uploads\/2020\/11\/logo-Planete-pain.svg","width":1,"height":1,"caption":"Plan\u00e8te Pain"},"image":{"@id":"https:\/\/planetepain.com\/#\/schema\/logo\/image\/"},"sameAs":["https:\/\/www.facebook.com\/planetepain\/","https:\/\/fr.linkedin.com\/company\/planete-pain-sas"]}]}},"_links":{"self":[{"href":"https:\/\/planetepain.com\/en\/wp-json\/wp\/v2\/pages\/3631","targetHints":{"allow":["GET"]}}],"collection":[{"href":"https:\/\/planetepain.com\/en\/wp-json\/wp\/v2\/pages"}],"about":[{"href":"https:\/\/planetepain.com\/en\/wp-json\/wp\/v2\/types\/page"}],"author":[{"embeddable":true,"href":"https:\/\/planetepain.com\/en\/wp-json\/wp\/v2\/users\/1"}],"replies":[{"embeddable":true,"href":"https:\/\/planetepain.com\/en\/wp-json\/wp\/v2\/comments?post=3631"}],"version-history":[{"count":2,"href":"https:\/\/planetepain.com\/en\/wp-json\/wp\/v2\/pages\/3631\/revisions"}],"predecessor-version":[{"id":5072,"href":"https:\/\/planetepain.com\/en\/wp-json\/wp\/v2\/pages\/3631\/revisions\/5072"}],"wp:attachment":[{"href":"https:\/\/planetepain.com\/en\/wp-json\/wp\/v2\/media?parent=3631"}],"curies":[{"name":"wp","href":"https:\/\/api.w.org\/{rel}","templated":true}]}}